{"id":3418,"date":"2023-06-26T09:10:40","date_gmt":"2023-06-26T07:10:40","guid":{"rendered":"https:\/\/embalajeshegoalde.com\/?page_id=3418"},"modified":"2025-03-22T15:23:54","modified_gmt":"2025-03-22T13:23:54","slug":"cookie-politika","status":"publish","type":"page","link":"https:\/\/embalajeshegoalde.com\/eu\/cookie-politika\/","title":{"rendered":"Cookie-politika"},"content":{"rendered":"\t\t<div data-elementor-type=\"wp-page\" data-elementor-id=\"3418\" class=\"elementor elementor-3418 elementor-1679\">\n\t\t\t\t\t\t<section class=\"elementor-section elementor-top-section elementor-element elementor-element-4c4d00f3 elementor-section-boxed elementor-section-height-default elementor-section-height-default\" data-id=\"4c4d00f3\" data-element_type=\"section\">\n\t\t\t\t\t\t<div class=\"elementor-container elementor-column-gap-default\">\n\t\t\t\t\t<div class=\"elementor-column elementor-col-100 elementor-top-column elementor-element elementor-element-4b1803e2\" data-id=\"4b1803e2\" data-element_type=\"column\">\n\t\t\t<div class=\"elementor-widget-wrap elementor-element-populated\">\n\t\t\t\t\t\t<div class=\"elementor-element elementor-element-a4f9687 elementor-widget elementor-widget-heading\" data-id=\"a4f9687\" data-element_type=\"widget\" data-widget_type=\"heading.default\">\n\t\t\t\t<div class=\"elementor-widget-container\">\n\t\t\t\t\t<h1 class=\"elementor-heading-title elementor-size-default\">COOKIE-POLITIKA<\/h1>\t\t\t\t<\/div>\n\t\t\t\t<\/div>\n\t\t\t\t<div class=\"elementor-element elementor-element-580fc13 elementor-widget elementor-widget-text-editor\" data-id=\"580fc13\" data-element_type=\"widget\" data-widget_type=\"text-editor.default\">\n\t\t\t\t<div class=\"elementor-widget-container\">\n\t\t\t\t\t\t\t\t\t<div class=\"document-page\" data-page=\"1\">\n<div class=\"pdf-page\">\n<div class=\"text-wrapper user-select-text\">\n<div style=\"text-align: left;\" data-canvas-width=\"170.13333333333333\"><b>Zer da cookie bat?<\/b><\/div>\n<div style=\"text-align: left;\" data-canvas-width=\"679.2426666666672\">\n<p>Cookie bat testu-fitxategi txiki bat da, webgune batek zure ordenagailuan, telefonoan edo beste edozein gailutan uzten duena, webgune horretan egin duzun nabigazioari buruzko informazioa biltzeko. Cookie-ak beharrezkoak dira nabigazioa errazteko eta erabilerraztasuna hobetzeko.<br><span style=\"color: var( --e-global-color-text ); font-family: var( --e-global-typography-text-font-family ), Sans-serif; font-weight: var( --e-global-typography-text-font-weight );\">Politika honetan \u201cCookie\u201d terminoa orokorrean erabiltzen da, webgune honek informazioa gordetzeko erabiltzen duen metodo nagusia baita. Hala ere, helburu berberetarako erabiltzen da nabigatzailearen \u201ctokiko biltegiratze\u201d espazioa ere. Beraz, atal honetan jasotako informazio guztia \u201ctokiko biltegiratze\u201d horri ere aplikatzen zaio.<\/span><\/p>\n<\/div>\n<div style=\"text-align: left;\" data-canvas-width=\"679.2426666666672\"><b>Zertarako erabiltzen dira cookie-ak webgune honetan?<\/b><\/div>\n<div style=\"text-align: left;\" data-canvas-width=\"679.2426666666672\">\n<p>Cookie-ak gure webgunearen funtzionamenduaren funtsezko zati bat dira. Gure cookie-en helburu nagusia zure nabigazio-esperientzia hobetzea da. Adibidez, nabigazioan eta etorkizuneko bisitetan zure hobespenak gogoratzeko erabiltzen dira.<br><span style=\"color: var( --e-global-color-text ); font-family: var( --e-global-typography-text-font-family ), Sans-serif; font-weight: var( --e-global-typography-text-font-weight );\">Cookie-etan bildutako informazioak, gainera, webgunea hobetzen laguntzen digu, erabilera-kopuruen eta ereduetako estimazioak eginez, webgunea erabiltzaileen interes pertsonaletara egokituz, bilaketak azkartuz, eta abar.<\/span><span style=\"color: var( --e-global-color-text ); font-family: var( --e-global-typography-text-font-family ), Sans-serif; font-weight: var( --e-global-typography-text-font-weight );\">&nbsp;<\/span><\/p>\n<\/div>\n<div style=\"text-align: left;\" data-canvas-width=\"679.2426666666672\"><b>Nor erabiltzen du cookie-etan gordetako informazioa?<\/b><\/div>\n<div style=\"text-align: left;\" data-canvas-width=\"679.1546666666668\">Gure webguneko cookie-etan gordetako informazioa guk bakarrik erabiltzen dugu, \u201chirugarrenen cookie-ak\u201d gisa identifikatutakoak izan ezik. Hauek kanpoko erakundeek erabiltzen eta kudeatzen dituzte, gure zerbitzuak eta erabiltzailearen nabigazio-esperientzia hobetzeko eskatutako zerbitzuak emateko.<\/div>\n<\/div>\n<\/div>\n<\/div>\n<div class=\"document-page\" data-page=\"2\">\n<div class=\"pdf-page\">\n<div class=\"canvas-wrapper\" style=\"text-align: left;\">&nbsp;<\/div>\n<div class=\"text-wrapper user-select-text\">\n<div style=\"text-align: left;\" data-canvas-width=\"468.86400000000003\"><b>Nola saihestu dezaket cookie-en erabilera webgune honetan?<\/b><\/div>\n<div style=\"text-align: left;\" data-canvas-width=\"678.4360000000003\">\n<p>Cookie-ak erabiltzea saihestu nahi baduzu, aurretik aipatutako mugak kontuan hartuta, lehenik eta behin, zure nabigatzailean cookie-en erabilera desgaitu beharko duzu, eta bigarrenik, webgune honekin lotutako cookie-ak zure nabigatzailetik ezabatu beharko dituzu.<br><span style=\"color: var( --e-global-color-text ); font-family: var( --e-global-typography-text-font-family ), Sans-serif; font-weight: var( --e-global-typography-text-font-weight );\">Cookie-ak erabiltzea saihesteko aukera hau edozein unetan egin dezakezu.<\/span><span style=\"color: var( --e-global-color-text ); font-family: var( --e-global-typography-text-font-family ), Sans-serif; font-weight: var( --e-global-typography-text-font-weight );\">&nbsp;<\/span><\/p>\n<\/div>\n<div style=\"text-align: left;\" data-canvas-width=\"679.5800000000008\"><b>Nola alda dezaket cookie-politika?<\/b><\/div>\n<div style=\"text-align: left;\" data-canvas-width=\"678.7440000000003\">Cookie analitikoekin lotutako hobespenak aldatu ditzakezu gaitzeko\/desgaitzeko aukeren bidez. Erabiltzaileak cookie-ak baimendu edo blokeatu ditzake, baita nabigazio-datuak (cookie-ak barne) ezabatu ere, erabiltzen duen nabigatzailearen bidez. Horretarako, erabilitako nabigatzailearen arabera honako orrialde hauek bisita ditzakezu:<\/div>\n<div style=\"text-align: left;\" data-canvas-width=\"678.7440000000003\">FireFox:HTTPS:\/\/SUPPORT.MOZILLA.ORG\/ES\/KB\/BORRAR%20COOKIES<\/div>\n<div style=\"text-align: left;\">Chrome:HTTPS:\/\/SUPPORT.GOOGLE.COM\/CHROME\/ANSWER\/95647?HL=ES<\/div>\n<div style=\"text-align: left;\">Safari: HTTPS:\/\/SUPPORT.APPLE.COM\/ES-ES\/HT201265<\/div>\n<div style=\"text-align: left;\">Microsoft Edge:HTTPS:\/\/SUPPORT.MICROSOFT.COM\/ES-ES\/HELP\/4468242\/MICROSOFT-EDGE-BROWSING-DATA-AND-PRIVACY-MICROSOFT-PRIVACY<\/div>\n<div style=\"text-align: left;\">Internet Explorer:HTTPS:\/\/SUPPORT.MICROSOFT.COM\/ES-ES\/HELP\/17438\/WINDOWS-INTERNET-EXPLORER-VIEW-DELETE-BROWSING-HISTORY<\/div>\n<\/div>\n<\/div>\n<\/div>\t\t\t\t\t\t\t\t<\/div>\n\t\t\t\t<\/div>\n\t\t\t\t\t<\/div>\n\t\t<\/div>\n\t\t\t\t\t<\/div>\n\t\t<\/section>\n\t\t\t\t<footer class=\"elementor-section elementor-top-section elementor-element elementor-element-bbde096 elementor-section-full_width elementor-section-stretched elementor-section-height-default elementor-section-height-default\" data-id=\"bbde096\" data-element_type=\"section\" data-settings=\"{&quot;stretch_section&quot;:&quot;section-stretched&quot;}\">\n\t\t\t\t\t\t<div class=\"elementor-container elementor-column-gap-default\">\n\t\t\t\t\t<div class=\"elementor-column elementor-col-100 elementor-top-column elementor-element elementor-element-946cb35\" data-id=\"946cb35\" data-element_type=\"column\">\n\t\t\t<div class=\"elementor-widget-wrap elementor-element-populated\">\n\t\t\t\t\t\t<div class=\"elementor-element elementor-element-c73b57d elementor-widget elementor-widget-image\" data-id=\"c73b57d\" data-element_type=\"widget\" data-widget_type=\"image.default\">\n\t\t\t\t<div class=\"elementor-widget-container\">\n\t\t\t\t\t\t\t\t\t\t\t\t\t\t\t<img fetchpriority=\"high\" decoding=\"async\" width=\"1024\" height=\"119\" src=\"https:\/\/embalajeshegoalde.com\/wp-content\/uploads\/2025\/03\/footer-kit-digital-embalajes-hegoalde-bilbao-vizcaya.png\" class=\"attachment-large size-large wp-image-3137\" alt=\"Footer de Embalajes Hegoalde con logos de Kit Digital, Gobierno de Espa\u00f1a y Uni\u00f3n Europea\" srcset=\"https:\/\/embalajeshegoalde.com\/wp-content\/uploads\/2025\/03\/footer-kit-digital-embalajes-hegoalde-bilbao-vizcaya.png 1024w, https:\/\/embalajeshegoalde.com\/wp-content\/uploads\/2025\/03\/footer-kit-digital-embalajes-hegoalde-bilbao-vizcaya-300x35.png 300w, https:\/\/embalajeshegoalde.com\/wp-content\/uploads\/2025\/03\/footer-kit-digital-embalajes-hegoalde-bilbao-vizcaya-768x89.png 768w\" sizes=\"(max-width: 1024px) 100vw, 1024px\" \/>\t\t\t\t\t\t\t\t\t\t\t\t\t\t\t<\/div>\n\t\t\t\t<\/div>\n\t\t\t\t<section class=\"elementor-section elementor-inner-section elementor-element elementor-element-05ce60a elementor-section-boxed elementor-section-height-default elementor-section-height-default\" data-id=\"05ce60a\" data-element_type=\"section\">\n\t\t\t\t\t\t<div class=\"elementor-container elementor-column-gap-default\">\n\t\t\t\t\t<div class=\"elementor-column elementor-col-25 elementor-inner-column elementor-element elementor-element-e50c4c4\" data-id=\"e50c4c4\" data-element_type=\"column\">\n\t\t\t<div class=\"elementor-widget-wrap elementor-element-populated\">\n\t\t\t\t\t\t<div class=\"elementor-element elementor-element-d5484c6 elementor-widget elementor-widget-text-editor\" data-id=\"d5484c6\" data-element_type=\"widget\" data-widget_type=\"text-editor.default\">\n\t\t\t\t<div class=\"elementor-widget-container\">\n\t\t\t\t\t\t\t\t\t<p><a href=\"https:\/\/embalajeshegoalde.com\/eu\/pribatutasun-politika\/\" target=\"_blank\" rel=\"noopener\">Pribatutasun-politika<\/a><\/p>\t\t\t\t\t\t\t\t<\/div>\n\t\t\t\t<\/div>\n\t\t\t\t\t<\/div>\n\t\t<\/div>\n\t\t\t\t<div class=\"elementor-column elementor-col-25 elementor-inner-column elementor-element elementor-element-d4f397c\" data-id=\"d4f397c\" data-element_type=\"column\">\n\t\t\t<div class=\"elementor-widget-wrap elementor-element-populated\">\n\t\t\t\t\t\t<div class=\"elementor-element elementor-element-1880643 elementor-widget elementor-widget-text-editor\" data-id=\"1880643\" data-element_type=\"widget\" data-widget_type=\"text-editor.default\">\n\t\t\t\t<div class=\"elementor-widget-container\">\n\t\t\t\t\t\t\t\t\t<p><a href=\"https:\/\/embalajeshegoalde.com\/eu\/lege-oharra\/\" target=\"_blank\" rel=\"noopener\">Lege-oharra<\/a><\/p>\t\t\t\t\t\t\t\t<\/div>\n\t\t\t\t<\/div>\n\t\t\t\t\t<\/div>\n\t\t<\/div>\n\t\t\t\t<div class=\"elementor-column elementor-col-25 elementor-inner-column elementor-element elementor-element-b27bd8f\" data-id=\"b27bd8f\" data-element_type=\"column\">\n\t\t\t<div class=\"elementor-widget-wrap elementor-element-populated\">\n\t\t\t\t\t\t<div class=\"elementor-element elementor-element-2b18070 elementor-widget elementor-widget-text-editor\" data-id=\"2b18070\" data-element_type=\"widget\" data-widget_type=\"text-editor.default\">\n\t\t\t\t<div class=\"elementor-widget-container\">\n\t\t\t\t\t\t\t\t\t<p><a href=\"https:\/\/embalajeshegoalde.com\/eu\/cookie-politika\/\" target=\"_blank\" rel=\"noopener\">Cookie-politika<\/a><\/p>\t\t\t\t\t\t\t\t<\/div>\n\t\t\t\t<\/div>\n\t\t\t\t\t<\/div>\n\t\t<\/div>\n\t\t\t\t<div class=\"elementor-column elementor-col-25 elementor-inner-column elementor-element elementor-element-023b213\" data-id=\"023b213\" data-element_type=\"column\">\n\t\t\t<div class=\"elementor-widget-wrap elementor-element-populated\">\n\t\t\t\t\t\t<div class=\"elementor-element elementor-element-930d237 elementor-widget elementor-widget-text-editor\" data-id=\"930d237\" data-element_type=\"widget\" data-widget_type=\"text-editor.default\">\n\t\t\t\t<div class=\"elementor-widget-container\">\n\t\t\t\t\t\t\t\t\t<p><a href=\"https:\/\/embalajeshegoalde.com\/eu\/erabilgarritasun-adierazpena\/\" target=\"_blank\" rel=\"noopener\">Erabilgarritasun adierazpena<\/a><\/p>\t\t\t\t\t\t\t\t<\/div>\n\t\t\t\t<\/div>\n\t\t\t\t\t<\/div>\n\t\t<\/div>\n\t\t\t\t\t<\/div>\n\t\t<\/section>\n\t\t\t\t<section class=\"elementor-section elementor-inner-section elementor-element elementor-element-a8b2727 elementor-section-boxed elementor-section-height-default elementor-section-height-default\" data-id=\"a8b2727\" data-element_type=\"section\">\n\t\t\t\t\t\t<div class=\"elementor-container elementor-column-gap-default\">\n\t\t\t\t\t<div class=\"elementor-column elementor-col-100 elementor-inner-column elementor-element elementor-element-9129575\" data-id=\"9129575\" data-element_type=\"column\">\n\t\t\t<div class=\"elementor-widget-wrap elementor-element-populated\">\n\t\t\t\t\t\t<div class=\"elementor-element elementor-element-c196c3f elementor-widget elementor-widget-heading\" data-id=\"c196c3f\" data-element_type=\"widget\" data-widget_type=\"heading.default\">\n\t\t\t\t<div class=\"elementor-widget-container\">\n\t\t\t\t\t<h2 class=\"elementor-heading-title elementor-size-default\">\n\u00a9 Copyright \u2013 2023 Webgunea eta SEO ViteMarketing-en eskutik\n<\/h2>\t\t\t\t<\/div>\n\t\t\t\t<\/div>\n\t\t\t\t\t<\/div>\n\t\t<\/div>\n\t\t\t\t\t<\/div>\n\t\t<\/section>\n\t\t\t\t\t<\/div>\n\t\t<\/div>\n\t\t\t\t\t<\/div>\n\t\t<\/footer>\n\t\t\t\t<\/div>\n\t\t","protected":false},"excerpt":{"rendered":"<p>COOKIE-POLITIKA Zer da cookie bat? Cookie bat testu-fitxategi txiki bat da, webgune batek zure ordenagailuan, telefonoan edo beste edozein gailutan&#8230;<\/p>\n","protected":false},"author":3,"featured_media":0,"parent":0,"menu_order":9,"comment_status":"closed","ping_status":"closed","template":"","meta":{"footnotes":""},"class_list":["post-3418","page","type-page","status-publish"],"yoast_head":"<!-- This site is optimized with the Yoast SEO Premium plugin v20.11 (Yoast SEO v25.6) - https:\/\/yoast.com\/wordpress\/plugins\/seo\/ -->\n<title>Cookie-politika &#8212; Embalajes de Madera en Bilbao \u2013 Bizkaia \u2013 Pa\u00eds Vasco \u2013 Embalajes Hegoalde<\/title>\n<meta name=\"robots\" content=\"noindex, nofollow\" \/>\n<meta property=\"og:locale\" content=\"eu_ES\" \/>\n<meta property=\"og:type\" content=\"article\" \/>\n<meta property=\"og:title\" content=\"Cookie-politika\" \/>\n<meta property=\"og:description\" content=\"COOKIE-POLITIKA Zer da cookie bat? Cookie bat testu-fitxategi txiki bat da, webgune batek zure ordenagailuan, telefonoan edo beste edozein gailutan...\" \/>\n<meta property=\"og:url\" content=\"https:\/\/embalajeshegoalde.com\/eu\/cookie-politika\/\" \/>\n<meta property=\"og:site_name\" content=\"Embalajes de Madera en Bilbao \u2013 Bizkaia \u2013 Pa\u00eds Vasco \u2013 Embalajes Hegoalde\" \/>\n<meta property=\"article:modified_time\" content=\"2025-03-22T13:23:54+00:00\" \/>\n<meta property=\"og:image\" content=\"https:\/\/embalajeshegoalde.com\/wp-content\/uploads\/2025\/03\/footer-kit-digital-embalajes-hegoalde-bilbao-vizcaya.png\" \/>\n<meta name=\"twitter:card\" content=\"summary_large_image\" \/>\n<meta name=\"twitter:label1\" content=\"Est. reading time\" \/>\n\t<meta name=\"twitter:data1\" content=\"2 minutes\" \/>\n<script type=\"application\/ld+json\" class=\"yoast-schema-graph\">{\"@context\":\"https:\/\/schema.org\",\"@graph\":[{\"@type\":\"WebPage\",\"@id\":\"https:\/\/embalajeshegoalde.com\/eu\/cookie-politika\/\",\"url\":\"https:\/\/embalajeshegoalde.com\/eu\/cookie-politika\/\",\"name\":\"Cookie-politika &#8212; Embalajes de Madera en Bilbao \u2013 Bizkaia \u2013 Pa\u00eds Vasco \u2013 Embalajes Hegoalde\",\"isPartOf\":{\"@id\":\"https:\/\/embalajeshegoalde.com\/eu\/#website\"},\"primaryImageOfPage\":{\"@id\":\"https:\/\/embalajeshegoalde.com\/eu\/cookie-politika\/#primaryimage\"},\"image\":{\"@id\":\"https:\/\/embalajeshegoalde.com\/eu\/cookie-politika\/#primaryimage\"},\"thumbnailUrl\":\"https:\/\/embalajeshegoalde.com\/wp-content\/uploads\/2025\/03\/footer-kit-digital-embalajes-hegoalde-bilbao-vizcaya.png\",\"datePublished\":\"2023-06-26T07:10:40+00:00\",\"dateModified\":\"2025-03-22T13:23:54+00:00\",\"breadcrumb\":{\"@id\":\"https:\/\/embalajeshegoalde.com\/eu\/cookie-politika\/#breadcrumb\"},\"inLanguage\":\"eu-ES\",\"potentialAction\":[{\"@type\":\"ReadAction\",\"target\":[\"https:\/\/embalajeshegoalde.com\/eu\/cookie-politika\/\"]}]},{\"@type\":\"ImageObject\",\"inLanguage\":\"eu-ES\",\"@id\":\"https:\/\/embalajeshegoalde.com\/eu\/cookie-politika\/#primaryimage\",\"url\":\"https:\/\/embalajeshegoalde.com\/wp-content\/uploads\/2025\/03\/footer-kit-digital-embalajes-hegoalde-bilbao-vizcaya.png\",\"contentUrl\":\"https:\/\/embalajeshegoalde.com\/wp-content\/uploads\/2025\/03\/footer-kit-digital-embalajes-hegoalde-bilbao-vizcaya.png\"},{\"@type\":\"BreadcrumbList\",\"@id\":\"https:\/\/embalajeshegoalde.com\/eu\/cookie-politika\/#breadcrumb\",\"itemListElement\":[{\"@type\":\"ListItem\",\"position\":1,\"name\":\"Home\",\"item\":\"https:\/\/embalajeshegoalde.com\/eu\/\"},{\"@type\":\"ListItem\",\"position\":2,\"name\":\"Cookie-politika\"}]},{\"@type\":\"WebSite\",\"@id\":\"https:\/\/embalajeshegoalde.com\/eu\/#website\",\"url\":\"https:\/\/embalajeshegoalde.com\/eu\/\",\"name\":\"Embalajes de Madera en Bilbao \u2013 Bizkaia \u2013 Pa\u00eds Vasco \u2013 Embalajes Hegoalde\",\"description\":\"Embalajes Hegoalde es especialista en embalajes de madera a medida en Loiu, junto al aeropuerto de Bilbao (Bizkaia). Fabricamos cajas, jaulas y bases de madera certificada para env\u00edos terrestres, mar\u00edtimos y a\u00e9reos, sin l\u00edmite de peso ni medida. Ofrecemos servicios de trincaje de contenedores, embalaje in situ, log\u00edstica, manipulaci\u00f3n y transporte para maquinaria, bienes de equipo y mercanc\u00eda fr\u00e1gil. Contamos con certificados ISO 9001 y NIMF 15, que garantizan calidad, seguridad y cumplimiento de normativas internacionales en el Pa\u00eds Vasco y resto de Espa\u00f1a.\",\"publisher\":{\"@id\":\"https:\/\/embalajeshegoalde.com\/eu\/#organization\"},\"potentialAction\":[{\"@type\":\"SearchAction\",\"target\":{\"@type\":\"EntryPoint\",\"urlTemplate\":\"https:\/\/embalajeshegoalde.com\/eu\/?s={search_term_string}\"},\"query-input\":{\"@type\":\"PropertyValueSpecification\",\"valueRequired\":true,\"valueName\":\"search_term_string\"}}],\"inLanguage\":\"eu-ES\"},{\"@type\":\"Organization\",\"@id\":\"https:\/\/embalajeshegoalde.com\/eu\/#organization\",\"name\":\"Embalajes Hegoalde\",\"url\":\"https:\/\/embalajeshegoalde.com\/eu\/\",\"logo\":{\"@type\":\"ImageObject\",\"inLanguage\":\"eu-ES\",\"@id\":\"https:\/\/embalajeshegoalde.com\/eu\/#\/schema\/logo\/image\/\",\"url\":\"https:\/\/embalajeshegoalde.com\/wp-content\/uploads\/2025\/03\/logo-embalajes-hegoalde-bilbao-vizcaya.png\",\"contentUrl\":\"https:\/\/embalajeshegoalde.com\/wp-content\/uploads\/2025\/03\/logo-embalajes-hegoalde-bilbao-vizcaya.png\",\"width\":800,\"height\":478,\"caption\":\"Embalajes Hegoalde\"},\"image\":{\"@id\":\"https:\/\/embalajeshegoalde.com\/eu\/#\/schema\/logo\/image\/\"},\"sameAs\":[\"https:\/\/share.google\/hJv8fkAaDjwKW8hoG\"]}]}<\/script>\n<!-- \/ Yoast SEO Premium plugin. -->","yoast_head_json":{"title":"Cookie-politika &#8212; Embalajes de Madera en Bilbao \u2013 Bizkaia \u2013 Pa\u00eds Vasco \u2013 Embalajes Hegoalde","robots":{"index":"noindex","follow":"nofollow"},"og_locale":"eu_ES","og_type":"article","og_title":"Cookie-politika","og_description":"COOKIE-POLITIKA Zer da cookie bat? Cookie bat testu-fitxategi txiki bat da, webgune batek zure ordenagailuan, telefonoan edo beste edozein gailutan...","og_url":"https:\/\/embalajeshegoalde.com\/eu\/cookie-politika\/","og_site_name":"Embalajes de Madera en Bilbao \u2013 Bizkaia \u2013 Pa\u00eds Vasco \u2013 Embalajes Hegoalde","article_modified_time":"2025-03-22T13:23:54+00:00","og_image":[{"url":"https:\/\/embalajeshegoalde.com\/wp-content\/uploads\/2025\/03\/footer-kit-digital-embalajes-hegoalde-bilbao-vizcaya.png","type":"","width":"","height":""}],"twitter_card":"summary_large_image","twitter_misc":{"Est. reading time":"2 minutes"},"schema":{"@context":"https:\/\/schema.org","@graph":[{"@type":"WebPage","@id":"https:\/\/embalajeshegoalde.com\/eu\/cookie-politika\/","url":"https:\/\/embalajeshegoalde.com\/eu\/cookie-politika\/","name":"Cookie-politika &#8212; Embalajes de Madera en Bilbao \u2013 Bizkaia \u2013 Pa\u00eds Vasco \u2013 Embalajes Hegoalde","isPartOf":{"@id":"https:\/\/embalajeshegoalde.com\/eu\/#website"},"primaryImageOfPage":{"@id":"https:\/\/embalajeshegoalde.com\/eu\/cookie-politika\/#primaryimage"},"image":{"@id":"https:\/\/embalajeshegoalde.com\/eu\/cookie-politika\/#primaryimage"},"thumbnailUrl":"https:\/\/embalajeshegoalde.com\/wp-content\/uploads\/2025\/03\/footer-kit-digital-embalajes-hegoalde-bilbao-vizcaya.png","datePublished":"2023-06-26T07:10:40+00:00","dateModified":"2025-03-22T13:23:54+00:00","breadcrumb":{"@id":"https:\/\/embalajeshegoalde.com\/eu\/cookie-politika\/#breadcrumb"},"inLanguage":"eu-ES","potentialAction":[{"@type":"ReadAction","target":["https:\/\/embalajeshegoalde.com\/eu\/cookie-politika\/"]}]},{"@type":"ImageObject","inLanguage":"eu-ES","@id":"https:\/\/embalajeshegoalde.com\/eu\/cookie-politika\/#primaryimage","url":"https:\/\/embalajeshegoalde.com\/wp-content\/uploads\/2025\/03\/footer-kit-digital-embalajes-hegoalde-bilbao-vizcaya.png","contentUrl":"https:\/\/embalajeshegoalde.com\/wp-content\/uploads\/2025\/03\/footer-kit-digital-embalajes-hegoalde-bilbao-vizcaya.png"},{"@type":"BreadcrumbList","@id":"https:\/\/embalajeshegoalde.com\/eu\/cookie-politika\/#breadcrumb","itemListElement":[{"@type":"ListItem","position":1,"name":"Home","item":"https:\/\/embalajeshegoalde.com\/eu\/"},{"@type":"ListItem","position":2,"name":"Cookie-politika"}]},{"@type":"WebSite","@id":"https:\/\/embalajeshegoalde.com\/eu\/#website","url":"https:\/\/embalajeshegoalde.com\/eu\/","name":"Embalajes de Madera en Bilbao \u2013 Bizkaia \u2013 Pa\u00eds Vasco \u2013 Embalajes Hegoalde","description":"Embalajes Hegoalde es especialista en embalajes de madera a medida en Loiu, junto al aeropuerto de Bilbao (Bizkaia). Fabricamos cajas, jaulas y bases de madera certificada para env\u00edos terrestres, mar\u00edtimos y a\u00e9reos, sin l\u00edmite de peso ni medida. Ofrecemos servicios de trincaje de contenedores, embalaje in situ, log\u00edstica, manipulaci\u00f3n y transporte para maquinaria, bienes de equipo y mercanc\u00eda fr\u00e1gil. Contamos con certificados ISO 9001 y NIMF 15, que garantizan calidad, seguridad y cumplimiento de normativas internacionales en el Pa\u00eds Vasco y resto de Espa\u00f1a.","publisher":{"@id":"https:\/\/embalajeshegoalde.com\/eu\/#organization"},"potentialAction":[{"@type":"SearchAction","target":{"@type":"EntryPoint","urlTemplate":"https:\/\/embalajeshegoalde.com\/eu\/?s={search_term_string}"},"query-input":{"@type":"PropertyValueSpecification","valueRequired":true,"valueName":"search_term_string"}}],"inLanguage":"eu-ES"},{"@type":"Organization","@id":"https:\/\/embalajeshegoalde.com\/eu\/#organization","name":"Embalajes Hegoalde","url":"https:\/\/embalajeshegoalde.com\/eu\/","logo":{"@type":"ImageObject","inLanguage":"eu-ES","@id":"https:\/\/embalajeshegoalde.com\/eu\/#\/schema\/logo\/image\/","url":"https:\/\/embalajeshegoalde.com\/wp-content\/uploads\/2025\/03\/logo-embalajes-hegoalde-bilbao-vizcaya.png","contentUrl":"https:\/\/embalajeshegoalde.com\/wp-content\/uploads\/2025\/03\/logo-embalajes-hegoalde-bilbao-vizcaya.png","width":800,"height":478,"caption":"Embalajes Hegoalde"},"image":{"@id":"https:\/\/embalajeshegoalde.com\/eu\/#\/schema\/logo\/image\/"},"sameAs":["https:\/\/share.google\/hJv8fkAaDjwKW8hoG"]}]}},"_links":{"self":[{"href":"https:\/\/embalajeshegoalde.com\/eu\/wp-json\/wp\/v2\/pages\/3418","targetHints":{"allow":["GET"]}}],"collection":[{"href":"https:\/\/embalajeshegoalde.com\/eu\/wp-json\/wp\/v2\/pages"}],"about":[{"href":"https:\/\/embalajeshegoalde.com\/eu\/wp-json\/wp\/v2\/types\/page"}],"author":[{"embeddable":true,"href":"https:\/\/embalajeshegoalde.com\/eu\/wp-json\/wp\/v2\/users\/3"}],"replies":[{"embeddable":true,"href":"https:\/\/embalajeshegoalde.com\/eu\/wp-json\/wp\/v2\/comments?post=3418"}],"version-history":[{"count":13,"href":"https:\/\/embalajeshegoalde.com\/eu\/wp-json\/wp\/v2\/pages\/3418\/revisions"}],"predecessor-version":[{"id":3571,"href":"https:\/\/embalajeshegoalde.com\/eu\/wp-json\/wp\/v2\/pages\/3418\/revisions\/3571"}],"wp:attachment":[{"href":"https:\/\/embalajeshegoalde.com\/eu\/wp-json\/wp\/v2\/media?parent=3418"}],"curies":[{"name":"wp","href":"https:\/\/api.w.org\/{rel}","templated":true}]}}