{"id":1679,"date":"2023-06-26T09:10:40","date_gmt":"2023-06-26T09:10:40","guid":{"rendered":"https:\/\/hegoalde.vitemarketing.com\/?page_id=1679"},"modified":"2025-03-22T15:19:35","modified_gmt":"2025-03-22T13:19:35","slug":"politica-de-cookies","status":"publish","type":"page","link":"https:\/\/embalajeshegoalde.com\/es\/politica-de-cookies\/","title":{"rendered":"Politica de cookies"},"content":{"rendered":"\t\t<div data-elementor-type=\"wp-page\" data-elementor-id=\"1679\" class=\"elementor elementor-1679\">\n\t\t\t\t\t\t<section class=\"elementor-section elementor-top-section elementor-element elementor-element-4c4d00f3 elementor-section-boxed elementor-section-height-default elementor-section-height-default\" data-id=\"4c4d00f3\" data-element_type=\"section\">\n\t\t\t\t\t\t<div class=\"elementor-container elementor-column-gap-default\">\n\t\t\t\t\t<div class=\"elementor-column elementor-col-100 elementor-top-column elementor-element elementor-element-4b1803e2\" data-id=\"4b1803e2\" data-element_type=\"column\">\n\t\t\t<div class=\"elementor-widget-wrap elementor-element-populated\">\n\t\t\t\t\t\t<div class=\"elementor-element elementor-element-a4f9687 elementor-widget elementor-widget-heading\" data-id=\"a4f9687\" data-element_type=\"widget\" data-widget_type=\"heading.default\">\n\t\t\t\t<div class=\"elementor-widget-container\">\n\t\t\t\t\t<h1 class=\"elementor-heading-title elementor-size-default\">POL\u00cdTICA DE COOKIES<\/h1>\t\t\t\t<\/div>\n\t\t\t\t<\/div>\n\t\t\t\t<div class=\"elementor-element elementor-element-580fc13 elementor-widget elementor-widget-text-editor\" data-id=\"580fc13\" data-element_type=\"widget\" data-widget_type=\"text-editor.default\">\n\t\t\t\t<div class=\"elementor-widget-container\">\n\t\t\t\t\t\t\t\t\t<div class=\"document-page\" data-page=\"1\">\n<div class=\"pdf-page\">\n<div class=\"text-wrapper user-select-text\">\n<div style=\"text-align: left;\" data-canvas-width=\"170.13333333333333\"><b>\u00bfQu\u00e9 es una Cookie?<\/b><\/div>\n<div style=\"text-align: left;\" data-canvas-width=\"679.2426666666672\">Una Cookie es un peque\u00f1o fichero de texto que un sitio web coloca en su PC, tel\u00e9fono o&nbsp;cualquier otro dispositivo, con informaci\u00f3n sobre su navegaci\u00f3n en dicho sitio. Las Cookies&nbsp;son necesarias para facilitar la navegaci\u00f3n y hacerla m\u00e1s amigable.&nbsp;Si bien en la presente pol\u00edtica se utiliza el termino general de \u201cCookie\u201d, pues es el principal&nbsp;m\u00e9todo de almacenamiento de informaci\u00f3n que utiliza este sitio web, tambi\u00e9n es utilizado&nbsp;el espacio de \u201cAlmacenamiento local\u201d del navegador para los mismos prop\u00f3sitos que las&nbsp;Cookies. En este sentido, toda la informaci\u00f3n incluida en esta secci\u00f3n es aplicable&nbsp;igualmente a este \u201cAlmacenamiento local\u201d.<\/div>\n<div style=\"text-align: left;\" data-canvas-width=\"679.2426666666672\">&nbsp;<\/div>\n<div style=\"text-align: left;\" data-canvas-width=\"679.2426666666672\"><b>\u00bfPara qu\u00e9 se utilizan las Cookies en este sitio web?<\/b><\/div>\n<div style=\"text-align: left;\" data-canvas-width=\"679.2426666666672\">Las Cookies son una parte esencial de c\u00f3mo funciona nuestro sitio web. El objetivo principal&nbsp;de nuestras Cookies es mejorar su experiencia en la navegaci\u00f3n. Por ejemplo, son&nbsp;utilizadas para recordar sus preferencias durante la navegaci\u00f3n y en futuras visitas.&nbsp;La informaci\u00f3n recogida en las Cookies nos permite, adem\u00e1s, mejorar la web mediante&nbsp;estimaciones sobre n\u00fameros y patrones de uso, la adaptaci\u00f3n del sitio web a los intereses&nbsp;individuales de los usuarios, la aceleraci\u00f3n de las b\u00fasquedas, etc.<\/div>\n<div style=\"text-align: left;\" data-canvas-width=\"679.2426666666672\">&nbsp;<\/div>\n<div style=\"text-align: left;\" data-canvas-width=\"679.2426666666672\"><b>\u00bfQui\u00e9n utiliza la informaci\u00f3n almacenada en las Cookies?<\/b><\/div>\n<div style=\"text-align: left;\" data-canvas-width=\"679.1546666666668\">La informaci\u00f3n almacenada en las Cookies de nuestro sitio web es utilizada exclusivamente&nbsp;por nosotros, a excepci\u00f3n de aquellas identificadas m\u00e1s adelante como \u201cCookies de&nbsp;terceros\u201d, que son utilizadas y gestionadas por entidades externas para proporcionarnos&nbsp;servicios solicitados por nosotros para mejorar nuestros servicios y la experiencia del&nbsp;usuario al navegar en nuestro sitio web.&nbsp;<\/div>\n<\/div>\n<\/div>\n<\/div>\n<div class=\"document-page\" data-page=\"2\">\n<div class=\"pdf-page\">\n<div class=\"canvas-wrapper\" style=\"text-align: left;\">&nbsp;<\/div>\n<div class=\"text-wrapper user-select-text\">\n<div style=\"text-align: left;\" data-canvas-width=\"468.86400000000003\"><b>\u00bfC\u00f3mo puedo evitar el uso de Cookies en este sitio web?<\/b><\/div>\n<div style=\"text-align: left;\" data-canvas-width=\"678.4360000000003\">Si usted prefiere evitar el uso de Cookies en esta p\u00e1gina teniendo en cuenta las&nbsp;limitaciones anteriores debe, en primer lugar, deshabilitar en su navegador el uso de<\/div>\n<div style=\"text-align: left;\" data-canvas-width=\"679.5800000000008\">Cookies y, en segundo lugar, eliminar las Cookies guardadas en su navegador asociadas a&nbsp;este sitio web.&nbsp;Esta posibilidad de evitar el uso de Cookies puede ser llevada a cabo por usted en cualquier&nbsp;momento.<\/div>\n<div style=\"text-align: left;\" data-canvas-width=\"679.5800000000008\">&nbsp;<\/div>\n<div style=\"text-align: left;\" data-canvas-width=\"679.5800000000008\"><b>\u00bfC\u00f3mo modifico la Pol\u00edtica de Cookies?<\/b><\/div>\n<div style=\"text-align: left;\" data-canvas-width=\"678.7440000000003\">Puede cambiar sus preferencias en relaci\u00f3n a las cookies anal\u00edticas mediante las opciones&nbsp;habilitar\/deshabilitar. El Usuario puede permitir o bloquear las cookies, as\u00ed como borrar sus&nbsp;datos de navegaci\u00f3n (incluidas las cookies) desde el navegador que utiliza. Para ello, puede&nbsp;visitar las siguientes p\u00e1ginas dependiendo del navegador utilizado:<\/div>\n<div style=\"text-align: left;\" data-canvas-width=\"678.7440000000003\">FireFox:HTTPS:\/\/SUPPORT.MOZILLA.ORG\/ES\/KB\/BORRAR%20COOKIES<\/div>\n<div style=\"text-align: left;\">Chrome:HTTPS:\/\/SUPPORT.GOOGLE.COM\/CHROME\/ANSWER\/95647?HL=ES<\/div>\n<div style=\"text-align: left;\">Safari: HTTPS:\/\/SUPPORT.APPLE.COM\/ES-ES\/HT201265<\/div>\n<div style=\"text-align: left;\">Microsoft Edge:HTTPS:\/\/SUPPORT.MICROSOFT.COM\/ES-ES\/HELP\/4468242\/MICROSOFT-EDGE-BROWSING-DATA-AND-PRIVACY-MICROSOFT-PRIVACY<\/div>\n<div style=\"text-align: left;\">Internet Explorer:HTTPS:\/\/SUPPORT.MICROSOFT.COM\/ES-ES\/HELP\/17438\/WINDOWS-INTERNET-EXPLORER-VIEW-DELETE-BROWSING-HISTORY<\/div>\n<\/div>\n<\/div>\n<\/div>\t\t\t\t\t\t\t\t<\/div>\n\t\t\t\t<\/div>\n\t\t\t\t\t<\/div>\n\t\t<\/div>\n\t\t\t\t\t<\/div>\n\t\t<\/section>\n\t\t\t\t<footer class=\"elementor-section elementor-top-section elementor-element elementor-element-59a56e2 elementor-section-full_width elementor-section-stretched elementor-section-height-default elementor-section-height-default\" data-id=\"59a56e2\" data-element_type=\"section\" data-settings=\"{&quot;stretch_section&quot;:&quot;section-stretched&quot;}\">\n\t\t\t\t\t\t<div class=\"elementor-container elementor-column-gap-default\">\n\t\t\t\t\t<div class=\"elementor-column elementor-col-100 elementor-top-column elementor-element elementor-element-e288970\" data-id=\"e288970\" data-element_type=\"column\">\n\t\t\t<div class=\"elementor-widget-wrap elementor-element-populated\">\n\t\t\t\t\t\t<div class=\"elementor-element elementor-element-f9498a8 elementor-widget elementor-widget-image\" data-id=\"f9498a8\" data-element_type=\"widget\" data-widget_type=\"image.default\">\n\t\t\t\t<div class=\"elementor-widget-container\">\n\t\t\t\t\t\t\t\t\t\t\t\t\t\t\t<img fetchpriority=\"high\" decoding=\"async\" width=\"1024\" height=\"119\" src=\"https:\/\/embalajeshegoalde.com\/wp-content\/uploads\/2025\/03\/footer-kit-digital-embalajes-hegoalde-bilbao-vizcaya.png\" class=\"attachment-large size-large wp-image-3136\" alt=\"Logos oficiales del Programa Kit Digital, Red.es, Gobierno de Espa\u00f1a y Uni\u00f3n Europea (NextGenerationEU)\" srcset=\"https:\/\/embalajeshegoalde.com\/wp-content\/uploads\/2025\/03\/footer-kit-digital-embalajes-hegoalde-bilbao-vizcaya.png 1024w, https:\/\/embalajeshegoalde.com\/wp-content\/uploads\/2025\/03\/footer-kit-digital-embalajes-hegoalde-bilbao-vizcaya-300x35.png 300w, https:\/\/embalajeshegoalde.com\/wp-content\/uploads\/2025\/03\/footer-kit-digital-embalajes-hegoalde-bilbao-vizcaya-768x89.png 768w\" sizes=\"(max-width: 1024px) 100vw, 1024px\" \/>\t\t\t\t\t\t\t\t\t\t\t\t\t\t\t<\/div>\n\t\t\t\t<\/div>\n\t\t\t\t<section class=\"elementor-section elementor-inner-section elementor-element elementor-element-32218a5 elementor-section-boxed elementor-section-height-default elementor-section-height-default\" data-id=\"32218a5\" data-element_type=\"section\">\n\t\t\t\t\t\t<div class=\"elementor-container elementor-column-gap-default\">\n\t\t\t\t\t<div class=\"elementor-column elementor-col-25 elementor-inner-column elementor-element elementor-element-2d90bbc\" data-id=\"2d90bbc\" data-element_type=\"column\">\n\t\t\t<div class=\"elementor-widget-wrap elementor-element-populated\">\n\t\t\t\t\t\t<div class=\"elementor-element elementor-element-699a7ee elementor-widget elementor-widget-text-editor\" data-id=\"699a7ee\" data-element_type=\"widget\" data-widget_type=\"text-editor.default\">\n\t\t\t\t<div class=\"elementor-widget-container\">\n\t\t\t\t\t\t\t\t\t<p><a href=\"https:\/\/embalajeshegoalde.com\/es\/politica-de-privacidad\/\" target=\"_blank\" rel=\"noopener\">Pol\u00edtica de privacidad<\/a><\/p>\t\t\t\t\t\t\t\t<\/div>\n\t\t\t\t<\/div>\n\t\t\t\t\t<\/div>\n\t\t<\/div>\n\t\t\t\t<div class=\"elementor-column elementor-col-25 elementor-inner-column elementor-element elementor-element-e23eb94\" data-id=\"e23eb94\" data-element_type=\"column\">\n\t\t\t<div class=\"elementor-widget-wrap elementor-element-populated\">\n\t\t\t\t\t\t<div class=\"elementor-element elementor-element-0daf590 elementor-widget elementor-widget-text-editor\" data-id=\"0daf590\" data-element_type=\"widget\" data-widget_type=\"text-editor.default\">\n\t\t\t\t<div class=\"elementor-widget-container\">\n\t\t\t\t\t\t\t\t\t<p><a href=\"https:\/\/embalajeshegoalde.com\/es\/aviso-legal\/\" target=\"_blank\" rel=\"noopener\">Aviso legal<\/a><\/p>\t\t\t\t\t\t\t\t<\/div>\n\t\t\t\t<\/div>\n\t\t\t\t\t<\/div>\n\t\t<\/div>\n\t\t\t\t<div class=\"elementor-column elementor-col-25 elementor-inner-column elementor-element elementor-element-5b429b6\" data-id=\"5b429b6\" data-element_type=\"column\">\n\t\t\t<div class=\"elementor-widget-wrap elementor-element-populated\">\n\t\t\t\t\t\t<div class=\"elementor-element elementor-element-02432ca elementor-widget elementor-widget-text-editor\" data-id=\"02432ca\" data-element_type=\"widget\" data-widget_type=\"text-editor.default\">\n\t\t\t\t<div class=\"elementor-widget-container\">\n\t\t\t\t\t\t\t\t\t<p><a href=\"https:\/\/embalajeshegoalde.com\/es\/politica-de-cookies\/\" target=\"_blank\" rel=\"noopener\">Pol\u00edtica de cookies<\/a><\/p>\t\t\t\t\t\t\t\t<\/div>\n\t\t\t\t<\/div>\n\t\t\t\t\t<\/div>\n\t\t<\/div>\n\t\t\t\t<div class=\"elementor-column elementor-col-25 elementor-inner-column elementor-element elementor-element-8040a7b\" data-id=\"8040a7b\" data-element_type=\"column\">\n\t\t\t<div class=\"elementor-widget-wrap elementor-element-populated\">\n\t\t\t\t\t\t<div class=\"elementor-element elementor-element-0e10291 elementor-widget elementor-widget-text-editor\" data-id=\"0e10291\" data-element_type=\"widget\" data-widget_type=\"text-editor.default\">\n\t\t\t\t<div class=\"elementor-widget-container\">\n\t\t\t\t\t\t\t\t\t<p><a href=\"https:\/\/embalajeshegoalde.com\/es\/declaracion-de-accesibilidad\/\" target=\"_blank\" rel=\"noopener\">Declaraci\u00f3n de accesibilidad<\/a><\/p>\t\t\t\t\t\t\t\t<\/div>\n\t\t\t\t<\/div>\n\t\t\t\t\t<\/div>\n\t\t<\/div>\n\t\t\t\t\t<\/div>\n\t\t<\/section>\n\t\t\t\t<section class=\"elementor-section elementor-inner-section elementor-element elementor-element-1fca732 elementor-section-boxed elementor-section-height-default elementor-section-height-default\" data-id=\"1fca732\" data-element_type=\"section\">\n\t\t\t\t\t\t<div class=\"elementor-container elementor-column-gap-default\">\n\t\t\t\t\t<div class=\"elementor-column elementor-col-100 elementor-inner-column elementor-element elementor-element-b21bf14\" data-id=\"b21bf14\" data-element_type=\"column\">\n\t\t\t<div class=\"elementor-widget-wrap elementor-element-populated\">\n\t\t\t\t\t\t<div class=\"elementor-element elementor-element-688a5b8 elementor-widget elementor-widget-heading\" data-id=\"688a5b8\" data-element_type=\"widget\" data-widget_type=\"heading.default\">\n\t\t\t\t<div class=\"elementor-widget-container\">\n\t\t\t\t\t<h2 class=\"elementor-heading-title elementor-size-default\">\u00a9 Copyright \u2013 2023 Web y SEO por ViteMarketing<\/h2>\t\t\t\t<\/div>\n\t\t\t\t<\/div>\n\t\t\t\t\t<\/div>\n\t\t<\/div>\n\t\t\t\t\t<\/div>\n\t\t<\/section>\n\t\t\t\t\t<\/div>\n\t\t<\/div>\n\t\t\t\t\t<\/div>\n\t\t<\/footer>\n\t\t\t\t<\/div>\n\t\t","protected":false},"excerpt":{"rendered":"<p>POL\u00cdTICA DE COOKIES \u00bfQu\u00e9 es una Cookie? Una Cookie es un peque\u00f1o fichero de texto que un sitio web coloca&#8230;<\/p>\n","protected":false},"author":2,"featured_media":0,"parent":0,"menu_order":9,"comment_status":"closed","ping_status":"closed","template":"","meta":{"footnotes":""},"class_list":["post-1679","page","type-page","status-publish"],"yoast_head":"<!-- This site is optimized with the Yoast SEO Premium plugin v20.11 (Yoast SEO v25.6) - https:\/\/yoast.com\/wordpress\/plugins\/seo\/ -->\n<title>Politica de cookies &#8212; Embalajes de Madera en Bilbao \u2013 Bizkaia \u2013 Pa\u00eds Vasco \u2013 Embalajes Hegoalde<\/title>\n<meta name=\"robots\" content=\"noindex, nofollow\" \/>\n<meta property=\"og:locale\" content=\"es_ES\" \/>\n<meta property=\"og:type\" content=\"article\" \/>\n<meta property=\"og:title\" content=\"Politica de cookies\" \/>\n<meta property=\"og:description\" content=\"POL\u00cdTICA DE COOKIES \u00bfQu\u00e9 es una Cookie? Una Cookie es un peque\u00f1o fichero de texto que un sitio web coloca...\" \/>\n<meta property=\"og:url\" content=\"https:\/\/embalajeshegoalde.com\/es\/politica-de-cookies\/\" \/>\n<meta property=\"og:site_name\" content=\"Embalajes de Madera en Bilbao \u2013 Bizkaia \u2013 Pa\u00eds Vasco \u2013 Embalajes Hegoalde\" \/>\n<meta property=\"article:modified_time\" content=\"2025-03-22T13:19:35+00:00\" \/>\n<meta property=\"og:image\" content=\"https:\/\/embalajeshegoalde.com\/wp-content\/uploads\/2025\/03\/footer-kit-digital-embalajes-hegoalde-bilbao-vizcaya.png\" \/>\n<meta name=\"twitter:card\" content=\"summary_large_image\" \/>\n<meta name=\"twitter:label1\" content=\"Tiempo de lectura\" \/>\n\t<meta name=\"twitter:data1\" content=\"3 minutos\" \/>\n<script type=\"application\/ld+json\" class=\"yoast-schema-graph\">{\"@context\":\"https:\/\/schema.org\",\"@graph\":[{\"@type\":\"WebPage\",\"@id\":\"https:\/\/embalajeshegoalde.com\/es\/politica-de-cookies\/\",\"url\":\"https:\/\/embalajeshegoalde.com\/es\/politica-de-cookies\/\",\"name\":\"Politica de cookies &#8212; Embalajes de Madera en Bilbao \u2013 Bizkaia \u2013 Pa\u00eds Vasco \u2013 Embalajes Hegoalde\",\"isPartOf\":{\"@id\":\"https:\/\/embalajeshegoalde.com\/es\/#website\"},\"primaryImageOfPage\":{\"@id\":\"https:\/\/embalajeshegoalde.com\/es\/politica-de-cookies\/#primaryimage\"},\"image\":{\"@id\":\"https:\/\/embalajeshegoalde.com\/es\/politica-de-cookies\/#primaryimage\"},\"thumbnailUrl\":\"https:\/\/embalajeshegoalde.com\/wp-content\/uploads\/2025\/03\/footer-kit-digital-embalajes-hegoalde-bilbao-vizcaya.png\",\"datePublished\":\"2023-06-26T09:10:40+00:00\",\"dateModified\":\"2025-03-22T13:19:35+00:00\",\"breadcrumb\":{\"@id\":\"https:\/\/embalajeshegoalde.com\/es\/politica-de-cookies\/#breadcrumb\"},\"inLanguage\":\"es\",\"potentialAction\":[{\"@type\":\"ReadAction\",\"target\":[\"https:\/\/embalajeshegoalde.com\/es\/politica-de-cookies\/\"]}]},{\"@type\":\"ImageObject\",\"inLanguage\":\"es\",\"@id\":\"https:\/\/embalajeshegoalde.com\/es\/politica-de-cookies\/#primaryimage\",\"url\":\"https:\/\/embalajeshegoalde.com\/wp-content\/uploads\/2025\/03\/footer-kit-digital-embalajes-hegoalde-bilbao-vizcaya.png\",\"contentUrl\":\"https:\/\/embalajeshegoalde.com\/wp-content\/uploads\/2025\/03\/footer-kit-digital-embalajes-hegoalde-bilbao-vizcaya.png\"},{\"@type\":\"BreadcrumbList\",\"@id\":\"https:\/\/embalajeshegoalde.com\/es\/politica-de-cookies\/#breadcrumb\",\"itemListElement\":[{\"@type\":\"ListItem\",\"position\":1,\"name\":\"Home\",\"item\":\"https:\/\/embalajeshegoalde.com\/es\/\"},{\"@type\":\"ListItem\",\"position\":2,\"name\":\"Politica de cookies\"}]},{\"@type\":\"WebSite\",\"@id\":\"https:\/\/embalajeshegoalde.com\/es\/#website\",\"url\":\"https:\/\/embalajeshegoalde.com\/es\/\",\"name\":\"Embalajes de Madera en Bilbao \u2013 Bizkaia \u2013 Pa\u00eds Vasco \u2013 Embalajes Hegoalde\",\"description\":\"Embalajes Hegoalde es especialista en embalajes de madera a medida en Loiu, junto al aeropuerto de Bilbao (Bizkaia). Fabricamos cajas, jaulas y bases de madera certificada para env\u00edos terrestres, mar\u00edtimos y a\u00e9reos, sin l\u00edmite de peso ni medida. Ofrecemos servicios de trincaje de contenedores, embalaje in situ, log\u00edstica, manipulaci\u00f3n y transporte para maquinaria, bienes de equipo y mercanc\u00eda fr\u00e1gil. Contamos con certificados ISO 9001 y NIMF 15, que garantizan calidad, seguridad y cumplimiento de normativas internacionales en el Pa\u00eds Vasco y resto de Espa\u00f1a.\",\"publisher\":{\"@id\":\"https:\/\/embalajeshegoalde.com\/es\/#organization\"},\"potentialAction\":[{\"@type\":\"SearchAction\",\"target\":{\"@type\":\"EntryPoint\",\"urlTemplate\":\"https:\/\/embalajeshegoalde.com\/es\/?s={search_term_string}\"},\"query-input\":{\"@type\":\"PropertyValueSpecification\",\"valueRequired\":true,\"valueName\":\"search_term_string\"}}],\"inLanguage\":\"es\"},{\"@type\":\"Organization\",\"@id\":\"https:\/\/embalajeshegoalde.com\/es\/#organization\",\"name\":\"Embalajes Hegoalde\",\"url\":\"https:\/\/embalajeshegoalde.com\/es\/\",\"logo\":{\"@type\":\"ImageObject\",\"inLanguage\":\"es\",\"@id\":\"https:\/\/embalajeshegoalde.com\/es\/#\/schema\/logo\/image\/\",\"url\":\"https:\/\/embalajeshegoalde.com\/wp-content\/uploads\/2025\/03\/logo-embalajes-hegoalde-bilbao-vizcaya.png\",\"contentUrl\":\"https:\/\/embalajeshegoalde.com\/wp-content\/uploads\/2025\/03\/logo-embalajes-hegoalde-bilbao-vizcaya.png\",\"width\":800,\"height\":478,\"caption\":\"Embalajes Hegoalde\"},\"image\":{\"@id\":\"https:\/\/embalajeshegoalde.com\/es\/#\/schema\/logo\/image\/\"},\"sameAs\":[\"https:\/\/share.google\/hJv8fkAaDjwKW8hoG\"]}]}<\/script>\n<!-- \/ Yoast SEO Premium plugin. -->","yoast_head_json":{"title":"Politica de cookies &#8212; Embalajes de Madera en Bilbao \u2013 Bizkaia \u2013 Pa\u00eds Vasco \u2013 Embalajes Hegoalde","robots":{"index":"noindex","follow":"nofollow"},"og_locale":"es_ES","og_type":"article","og_title":"Politica de cookies","og_description":"POL\u00cdTICA DE COOKIES \u00bfQu\u00e9 es una Cookie? Una Cookie es un peque\u00f1o fichero de texto que un sitio web coloca...","og_url":"https:\/\/embalajeshegoalde.com\/es\/politica-de-cookies\/","og_site_name":"Embalajes de Madera en Bilbao \u2013 Bizkaia \u2013 Pa\u00eds Vasco \u2013 Embalajes Hegoalde","article_modified_time":"2025-03-22T13:19:35+00:00","og_image":[{"url":"https:\/\/embalajeshegoalde.com\/wp-content\/uploads\/2025\/03\/footer-kit-digital-embalajes-hegoalde-bilbao-vizcaya.png","type":"","width":"","height":""}],"twitter_card":"summary_large_image","twitter_misc":{"Tiempo de lectura":"3 minutos"},"schema":{"@context":"https:\/\/schema.org","@graph":[{"@type":"WebPage","@id":"https:\/\/embalajeshegoalde.com\/es\/politica-de-cookies\/","url":"https:\/\/embalajeshegoalde.com\/es\/politica-de-cookies\/","name":"Politica de cookies &#8212; Embalajes de Madera en Bilbao \u2013 Bizkaia \u2013 Pa\u00eds Vasco \u2013 Embalajes Hegoalde","isPartOf":{"@id":"https:\/\/embalajeshegoalde.com\/es\/#website"},"primaryImageOfPage":{"@id":"https:\/\/embalajeshegoalde.com\/es\/politica-de-cookies\/#primaryimage"},"image":{"@id":"https:\/\/embalajeshegoalde.com\/es\/politica-de-cookies\/#primaryimage"},"thumbnailUrl":"https:\/\/embalajeshegoalde.com\/wp-content\/uploads\/2025\/03\/footer-kit-digital-embalajes-hegoalde-bilbao-vizcaya.png","datePublished":"2023-06-26T09:10:40+00:00","dateModified":"2025-03-22T13:19:35+00:00","breadcrumb":{"@id":"https:\/\/embalajeshegoalde.com\/es\/politica-de-cookies\/#breadcrumb"},"inLanguage":"es","potentialAction":[{"@type":"ReadAction","target":["https:\/\/embalajeshegoalde.com\/es\/politica-de-cookies\/"]}]},{"@type":"ImageObject","inLanguage":"es","@id":"https:\/\/embalajeshegoalde.com\/es\/politica-de-cookies\/#primaryimage","url":"https:\/\/embalajeshegoalde.com\/wp-content\/uploads\/2025\/03\/footer-kit-digital-embalajes-hegoalde-bilbao-vizcaya.png","contentUrl":"https:\/\/embalajeshegoalde.com\/wp-content\/uploads\/2025\/03\/footer-kit-digital-embalajes-hegoalde-bilbao-vizcaya.png"},{"@type":"BreadcrumbList","@id":"https:\/\/embalajeshegoalde.com\/es\/politica-de-cookies\/#breadcrumb","itemListElement":[{"@type":"ListItem","position":1,"name":"Home","item":"https:\/\/embalajeshegoalde.com\/es\/"},{"@type":"ListItem","position":2,"name":"Politica de cookies"}]},{"@type":"WebSite","@id":"https:\/\/embalajeshegoalde.com\/es\/#website","url":"https:\/\/embalajeshegoalde.com\/es\/","name":"Embalajes de Madera en Bilbao \u2013 Bizkaia \u2013 Pa\u00eds Vasco \u2013 Embalajes Hegoalde","description":"Embalajes Hegoalde es especialista en embalajes de madera a medida en Loiu, junto al aeropuerto de Bilbao (Bizkaia). Fabricamos cajas, jaulas y bases de madera certificada para env\u00edos terrestres, mar\u00edtimos y a\u00e9reos, sin l\u00edmite de peso ni medida. Ofrecemos servicios de trincaje de contenedores, embalaje in situ, log\u00edstica, manipulaci\u00f3n y transporte para maquinaria, bienes de equipo y mercanc\u00eda fr\u00e1gil. Contamos con certificados ISO 9001 y NIMF 15, que garantizan calidad, seguridad y cumplimiento de normativas internacionales en el Pa\u00eds Vasco y resto de Espa\u00f1a.","publisher":{"@id":"https:\/\/embalajeshegoalde.com\/es\/#organization"},"potentialAction":[{"@type":"SearchAction","target":{"@type":"EntryPoint","urlTemplate":"https:\/\/embalajeshegoalde.com\/es\/?s={search_term_string}"},"query-input":{"@type":"PropertyValueSpecification","valueRequired":true,"valueName":"search_term_string"}}],"inLanguage":"es"},{"@type":"Organization","@id":"https:\/\/embalajeshegoalde.com\/es\/#organization","name":"Embalajes Hegoalde","url":"https:\/\/embalajeshegoalde.com\/es\/","logo":{"@type":"ImageObject","inLanguage":"es","@id":"https:\/\/embalajeshegoalde.com\/es\/#\/schema\/logo\/image\/","url":"https:\/\/embalajeshegoalde.com\/wp-content\/uploads\/2025\/03\/logo-embalajes-hegoalde-bilbao-vizcaya.png","contentUrl":"https:\/\/embalajeshegoalde.com\/wp-content\/uploads\/2025\/03\/logo-embalajes-hegoalde-bilbao-vizcaya.png","width":800,"height":478,"caption":"Embalajes Hegoalde"},"image":{"@id":"https:\/\/embalajeshegoalde.com\/es\/#\/schema\/logo\/image\/"},"sameAs":["https:\/\/share.google\/hJv8fkAaDjwKW8hoG"]}]}},"_links":{"self":[{"href":"https:\/\/embalajeshegoalde.com\/es\/wp-json\/wp\/v2\/pages\/1679","targetHints":{"allow":["GET"]}}],"collection":[{"href":"https:\/\/embalajeshegoalde.com\/es\/wp-json\/wp\/v2\/pages"}],"about":[{"href":"https:\/\/embalajeshegoalde.com\/es\/wp-json\/wp\/v2\/types\/page"}],"author":[{"embeddable":true,"href":"https:\/\/embalajeshegoalde.com\/es\/wp-json\/wp\/v2\/users\/2"}],"replies":[{"embeddable":true,"href":"https:\/\/embalajeshegoalde.com\/es\/wp-json\/wp\/v2\/comments?post=1679"}],"version-history":[{"count":20,"href":"https:\/\/embalajeshegoalde.com\/es\/wp-json\/wp\/v2\/pages\/1679\/revisions"}],"predecessor-version":[{"id":3538,"href":"https:\/\/embalajeshegoalde.com\/es\/wp-json\/wp\/v2\/pages\/1679\/revisions\/3538"}],"wp:attachment":[{"href":"https:\/\/embalajeshegoalde.com\/es\/wp-json\/wp\/v2\/media?parent=1679"}],"curies":[{"name":"wp","href":"https:\/\/api.w.org\/{rel}","templated":true}]}}