{"id":3493,"date":"2023-07-19T12:23:17","date_gmt":"2023-07-19T10:23:17","guid":{"rendered":"https:\/\/embalajeshegoalde.com\/?page_id=3493"},"modified":"2025-03-22T15:21:43","modified_gmt":"2025-03-22T13:21:43","slug":"accessibility-statement","status":"publish","type":"page","link":"https:\/\/embalajeshegoalde.com\/en\/accessibility-statement\/","title":{"rendered":"Accessibility Statement"},"content":{"rendered":"\t\t<div data-elementor-type=\"wp-page\" data-elementor-id=\"3493\" class=\"elementor elementor-3493 elementor-2266\">\n\t\t\t\t\t\t<section class=\"elementor-section elementor-top-section elementor-element elementor-element-5feffe86 elementor-section-boxed elementor-section-height-default elementor-section-height-default\" data-id=\"5feffe86\" data-element_type=\"section\">\n\t\t\t\t\t\t<div class=\"elementor-container elementor-column-gap-default\">\n\t\t\t\t\t<div class=\"elementor-column elementor-col-100 elementor-top-column elementor-element elementor-element-3fd40587\" data-id=\"3fd40587\" data-element_type=\"column\">\n\t\t\t<div class=\"elementor-widget-wrap elementor-element-populated\">\n\t\t\t\t\t\t<div class=\"elementor-element elementor-element-d8f4ac1 elementor-widget elementor-widget-heading\" data-id=\"d8f4ac1\" data-element_type=\"widget\" data-widget_type=\"heading.default\">\n\t\t\t\t<div class=\"elementor-widget-container\">\n\t\t\t\t\t<h1 class=\"elementor-heading-title elementor-size-default\">ACCESSIBILITY STATEMENT<\/h1>\t\t\t\t<\/div>\n\t\t\t\t<\/div>\n\t\t\t\t<div class=\"elementor-element elementor-element-23f538b1 elementor-widget elementor-widget-text-editor\" data-id=\"23f538b1\" data-element_type=\"widget\" data-widget_type=\"text-editor.default\">\n\t\t\t\t<div class=\"elementor-widget-container\">\n\t\t\t\t\t\t\t\t\t<p>Embalajes Hegoalde is committed to making its website accessible, in accordance with the WCAG 2.1 accessibility guidelines, which serve as evidence for meeting the accessibility criteria of the Digital Kit Program. It is structured in accordance with the annexes of the UNE-EN 301 549:2022 standard.<\/p><p>This accessibility statement applies to the website\u00a0<a href=\"https:\/\/www.embalajeshegoalde.com\" target=\"_blank\" rel=\"noopener\">https:\/\/www.embalajeshegoalde.com<\/a>.<\/p><p>\u00a0<\/p>\t\t\t\t\t\t\t\t<\/div>\n\t\t\t\t<\/div>\n\t\t\t\t\t<\/div>\n\t\t<\/div>\n\t\t\t\t\t<\/div>\n\t\t<\/section>\n\t\t\t\t<footer class=\"elementor-section elementor-top-section elementor-element elementor-element-c2d0f3d elementor-section-full_width elementor-section-stretched elementor-section-height-default elementor-section-height-default\" data-id=\"c2d0f3d\" data-element_type=\"section\" data-settings=\"{&quot;stretch_section&quot;:&quot;section-stretched&quot;}\">\n\t\t\t\t\t\t<div class=\"elementor-container elementor-column-gap-default\">\n\t\t\t\t\t<div class=\"elementor-column elementor-col-100 elementor-top-column elementor-element elementor-element-5a30b03\" data-id=\"5a30b03\" data-element_type=\"column\">\n\t\t\t<div class=\"elementor-widget-wrap elementor-element-populated\">\n\t\t\t\t\t\t<div class=\"elementor-element elementor-element-3355db5 elementor-widget elementor-widget-image\" data-id=\"3355db5\" data-element_type=\"widget\" data-widget_type=\"image.default\">\n\t\t\t\t<div class=\"elementor-widget-container\">\n\t\t\t\t\t\t\t\t\t\t\t\t\t\t\t<img fetchpriority=\"high\" decoding=\"async\" width=\"1024\" height=\"119\" src=\"https:\/\/embalajeshegoalde.com\/wp-content\/uploads\/2025\/03\/footer-kit-digital-embalajes-hegoalde-bilbao-vizcaya.png\" class=\"attachment-large size-large wp-image-3138\" alt=\"Footer de Embalajes Hegoalde con logos de Kit Digital, Gobierno de Espa\u00f1a y Uni\u00f3n Europea\" srcset=\"https:\/\/embalajeshegoalde.com\/wp-content\/uploads\/2025\/03\/footer-kit-digital-embalajes-hegoalde-bilbao-vizcaya.png 1024w, https:\/\/embalajeshegoalde.com\/wp-content\/uploads\/2025\/03\/footer-kit-digital-embalajes-hegoalde-bilbao-vizcaya-300x35.png 300w, https:\/\/embalajeshegoalde.com\/wp-content\/uploads\/2025\/03\/footer-kit-digital-embalajes-hegoalde-bilbao-vizcaya-768x89.png 768w\" sizes=\"(max-width: 1024px) 100vw, 1024px\" \/>\t\t\t\t\t\t\t\t\t\t\t\t\t\t\t<\/div>\n\t\t\t\t<\/div>\n\t\t\t\t<section class=\"elementor-section elementor-inner-section elementor-element elementor-element-ef6c590 elementor-section-boxed elementor-section-height-default elementor-section-height-default\" data-id=\"ef6c590\" data-element_type=\"section\">\n\t\t\t\t\t\t<div class=\"elementor-container elementor-column-gap-default\">\n\t\t\t\t\t<div class=\"elementor-column elementor-col-25 elementor-inner-column elementor-element elementor-element-faec2a4\" data-id=\"faec2a4\" data-element_type=\"column\">\n\t\t\t<div class=\"elementor-widget-wrap elementor-element-populated\">\n\t\t\t\t\t\t<div class=\"elementor-element elementor-element-f8dc93d elementor-widget elementor-widget-text-editor\" data-id=\"f8dc93d\" data-element_type=\"widget\" data-widget_type=\"text-editor.default\">\n\t\t\t\t<div class=\"elementor-widget-container\">\n\t\t\t\t\t\t\t\t\t<p><a href=\"https:\/\/embalajeshegoalde.com\/en\/privacy-policy\/\" target=\"_blank\" rel=\"noopener\">Privacy Policy<\/a><\/p>\t\t\t\t\t\t\t\t<\/div>\n\t\t\t\t<\/div>\n\t\t\t\t\t<\/div>\n\t\t<\/div>\n\t\t\t\t<div class=\"elementor-column elementor-col-25 elementor-inner-column elementor-element elementor-element-623f6ac\" data-id=\"623f6ac\" data-element_type=\"column\">\n\t\t\t<div class=\"elementor-widget-wrap elementor-element-populated\">\n\t\t\t\t\t\t<div class=\"elementor-element elementor-element-7b197dc elementor-widget elementor-widget-text-editor\" data-id=\"7b197dc\" data-element_type=\"widget\" data-widget_type=\"text-editor.default\">\n\t\t\t\t<div class=\"elementor-widget-container\">\n\t\t\t\t\t\t\t\t\t<p><a href=\"https:\/\/embalajeshegoalde.com\/en\/legal-notice\/\" target=\"_blank\" rel=\"noopener\">Legal Notice<\/a><\/p>\t\t\t\t\t\t\t\t<\/div>\n\t\t\t\t<\/div>\n\t\t\t\t\t<\/div>\n\t\t<\/div>\n\t\t\t\t<div class=\"elementor-column elementor-col-25 elementor-inner-column elementor-element elementor-element-268c0c7\" data-id=\"268c0c7\" data-element_type=\"column\">\n\t\t\t<div class=\"elementor-widget-wrap elementor-element-populated\">\n\t\t\t\t\t\t<div class=\"elementor-element elementor-element-f0af5f5 elementor-widget elementor-widget-text-editor\" data-id=\"f0af5f5\" data-element_type=\"widget\" data-widget_type=\"text-editor.default\">\n\t\t\t\t<div class=\"elementor-widget-container\">\n\t\t\t\t\t\t\t\t\t<p><a href=\"https:\/\/embalajeshegoalde.com\/en\/cookies-policy\/\" target=\"_blank\" rel=\"noopener\">Cookies Policy<\/a><\/p>\t\t\t\t\t\t\t\t<\/div>\n\t\t\t\t<\/div>\n\t\t\t\t\t<\/div>\n\t\t<\/div>\n\t\t\t\t<div class=\"elementor-column elementor-col-25 elementor-inner-column elementor-element elementor-element-df66461\" data-id=\"df66461\" data-element_type=\"column\">\n\t\t\t<div class=\"elementor-widget-wrap elementor-element-populated\">\n\t\t\t\t\t\t<div class=\"elementor-element elementor-element-68d79e8 elementor-widget elementor-widget-text-editor\" data-id=\"68d79e8\" data-element_type=\"widget\" data-widget_type=\"text-editor.default\">\n\t\t\t\t<div class=\"elementor-widget-container\">\n\t\t\t\t\t\t\t\t\t<p><a href=\"https:\/\/embalajeshegoalde.com\/en\/accessibility-statement\/\" target=\"_blank\" rel=\"noopener\">Accessibility Statement<\/a><\/p>\t\t\t\t\t\t\t\t<\/div>\n\t\t\t\t<\/div>\n\t\t\t\t\t<\/div>\n\t\t<\/div>\n\t\t\t\t\t<\/div>\n\t\t<\/section>\n\t\t\t\t<section class=\"elementor-section elementor-inner-section elementor-element elementor-element-3fc1091 elementor-section-boxed elementor-section-height-default elementor-section-height-default\" data-id=\"3fc1091\" data-element_type=\"section\">\n\t\t\t\t\t\t<div class=\"elementor-container elementor-column-gap-default\">\n\t\t\t\t\t<div class=\"elementor-column elementor-col-100 elementor-inner-column elementor-element elementor-element-a8f101f\" data-id=\"a8f101f\" data-element_type=\"column\">\n\t\t\t<div class=\"elementor-widget-wrap elementor-element-populated\">\n\t\t\t\t\t\t<div class=\"elementor-element elementor-element-55aa838 elementor-widget elementor-widget-heading\" data-id=\"55aa838\" data-element_type=\"widget\" data-widget_type=\"heading.default\">\n\t\t\t\t<div class=\"elementor-widget-container\">\n\t\t\t\t\t<h2 class=\"elementor-heading-title elementor-size-default\">\u00a9 Copyright \u2013 2023 Website and SEO by ViteMarketing<\/h2>\t\t\t\t<\/div>\n\t\t\t\t<\/div>\n\t\t\t\t\t<\/div>\n\t\t<\/div>\n\t\t\t\t\t<\/div>\n\t\t<\/section>\n\t\t\t\t\t<\/div>\n\t\t<\/div>\n\t\t\t\t\t<\/div>\n\t\t<\/footer>\n\t\t\t\t<\/div>\n\t\t","protected":false},"excerpt":{"rendered":"<p>ACCESSIBILITY STATEMENT Embalajes Hegoalde is committed to making its website accessible, in accordance with the WCAG 2.1 accessibility guidelines, which&#8230;<\/p>\n","protected":false},"author":3,"featured_media":0,"parent":0,"menu_order":10,"comment_status":"closed","ping_status":"closed","template":"","meta":{"footnotes":""},"class_list":["post-3493","page","type-page","status-publish"],"yoast_head":"<!-- This site is optimized with the Yoast SEO Premium plugin v20.11 (Yoast SEO v25.6) - https:\/\/yoast.com\/wordpress\/plugins\/seo\/ -->\n<title>Accessibility Statement &#8212; Embalajes de Madera en Bilbao \u2013 Bizkaia \u2013 Pa\u00eds Vasco \u2013 Embalajes Hegoalde<\/title>\n<meta name=\"robots\" content=\"noindex, nofollow\" \/>\n<meta property=\"og:locale\" content=\"en_US\" \/>\n<meta property=\"og:type\" content=\"article\" \/>\n<meta property=\"og:title\" content=\"Accessibility Statement\" \/>\n<meta property=\"og:description\" content=\"ACCESSIBILITY STATEMENT Embalajes Hegoalde is committed to making its website accessible, in accordance with the WCAG 2.1 accessibility guidelines, which...\" \/>\n<meta property=\"og:url\" content=\"https:\/\/embalajeshegoalde.com\/en\/accessibility-statement\/\" \/>\n<meta property=\"og:site_name\" content=\"Embalajes de Madera en Bilbao \u2013 Bizkaia \u2013 Pa\u00eds Vasco \u2013 Embalajes Hegoalde\" \/>\n<meta property=\"article:modified_time\" content=\"2025-03-22T13:21:43+00:00\" \/>\n<meta property=\"og:image\" content=\"https:\/\/embalajeshegoalde.com\/wp-content\/uploads\/2025\/03\/footer-kit-digital-embalajes-hegoalde-bilbao-vizcaya.png\" \/>\n<meta name=\"twitter:card\" content=\"summary_large_image\" \/>\n<meta name=\"twitter:label1\" content=\"Est. reading time\" \/>\n\t<meta name=\"twitter:data1\" content=\"1 minute\" \/>\n<script type=\"application\/ld+json\" class=\"yoast-schema-graph\">{\"@context\":\"https:\/\/schema.org\",\"@graph\":[{\"@type\":\"WebPage\",\"@id\":\"https:\/\/embalajeshegoalde.com\/en\/accessibility-statement\/\",\"url\":\"https:\/\/embalajeshegoalde.com\/en\/accessibility-statement\/\",\"name\":\"Accessibility Statement &#8212; Embalajes de Madera en Bilbao \u2013 Bizkaia \u2013 Pa\u00eds Vasco \u2013 Embalajes Hegoalde\",\"isPartOf\":{\"@id\":\"https:\/\/embalajeshegoalde.com\/en\/#website\"},\"primaryImageOfPage\":{\"@id\":\"https:\/\/embalajeshegoalde.com\/en\/accessibility-statement\/#primaryimage\"},\"image\":{\"@id\":\"https:\/\/embalajeshegoalde.com\/en\/accessibility-statement\/#primaryimage\"},\"thumbnailUrl\":\"https:\/\/embalajeshegoalde.com\/wp-content\/uploads\/2025\/03\/footer-kit-digital-embalajes-hegoalde-bilbao-vizcaya.png\",\"datePublished\":\"2023-07-19T10:23:17+00:00\",\"dateModified\":\"2025-03-22T13:21:43+00:00\",\"breadcrumb\":{\"@id\":\"https:\/\/embalajeshegoalde.com\/en\/accessibility-statement\/#breadcrumb\"},\"inLanguage\":\"en-US\",\"potentialAction\":[{\"@type\":\"ReadAction\",\"target\":[\"https:\/\/embalajeshegoalde.com\/en\/accessibility-statement\/\"]}]},{\"@type\":\"ImageObject\",\"inLanguage\":\"en-US\",\"@id\":\"https:\/\/embalajeshegoalde.com\/en\/accessibility-statement\/#primaryimage\",\"url\":\"https:\/\/embalajeshegoalde.com\/wp-content\/uploads\/2025\/03\/footer-kit-digital-embalajes-hegoalde-bilbao-vizcaya.png\",\"contentUrl\":\"https:\/\/embalajeshegoalde.com\/wp-content\/uploads\/2025\/03\/footer-kit-digital-embalajes-hegoalde-bilbao-vizcaya.png\"},{\"@type\":\"BreadcrumbList\",\"@id\":\"https:\/\/embalajeshegoalde.com\/en\/accessibility-statement\/#breadcrumb\",\"itemListElement\":[{\"@type\":\"ListItem\",\"position\":1,\"name\":\"Home\",\"item\":\"https:\/\/embalajeshegoalde.com\/en\/\"},{\"@type\":\"ListItem\",\"position\":2,\"name\":\"Accessibility Statement\"}]},{\"@type\":\"WebSite\",\"@id\":\"https:\/\/embalajeshegoalde.com\/en\/#website\",\"url\":\"https:\/\/embalajeshegoalde.com\/en\/\",\"name\":\"Embalajes de Madera en Bilbao \u2013 Bizkaia \u2013 Pa\u00eds Vasco \u2013 Embalajes Hegoalde\",\"description\":\"Embalajes Hegoalde es especialista en embalajes de madera a medida en Loiu, junto al aeropuerto de Bilbao (Bizkaia). Fabricamos cajas, jaulas y bases de madera certificada para env\u00edos terrestres, mar\u00edtimos y a\u00e9reos, sin l\u00edmite de peso ni medida. Ofrecemos servicios de trincaje de contenedores, embalaje in situ, log\u00edstica, manipulaci\u00f3n y transporte para maquinaria, bienes de equipo y mercanc\u00eda fr\u00e1gil. Contamos con certificados ISO 9001 y NIMF 15, que garantizan calidad, seguridad y cumplimiento de normativas internacionales en el Pa\u00eds Vasco y resto de Espa\u00f1a.\",\"publisher\":{\"@id\":\"https:\/\/embalajeshegoalde.com\/en\/#organization\"},\"potentialAction\":[{\"@type\":\"SearchAction\",\"target\":{\"@type\":\"EntryPoint\",\"urlTemplate\":\"https:\/\/embalajeshegoalde.com\/en\/?s={search_term_string}\"},\"query-input\":{\"@type\":\"PropertyValueSpecification\",\"valueRequired\":true,\"valueName\":\"search_term_string\"}}],\"inLanguage\":\"en-US\"},{\"@type\":\"Organization\",\"@id\":\"https:\/\/embalajeshegoalde.com\/en\/#organization\",\"name\":\"Embalajes Hegoalde\",\"url\":\"https:\/\/embalajeshegoalde.com\/en\/\",\"logo\":{\"@type\":\"ImageObject\",\"inLanguage\":\"en-US\",\"@id\":\"https:\/\/embalajeshegoalde.com\/en\/#\/schema\/logo\/image\/\",\"url\":\"https:\/\/embalajeshegoalde.com\/wp-content\/uploads\/2025\/03\/logo-embalajes-hegoalde-bilbao-vizcaya.png\",\"contentUrl\":\"https:\/\/embalajeshegoalde.com\/wp-content\/uploads\/2025\/03\/logo-embalajes-hegoalde-bilbao-vizcaya.png\",\"width\":800,\"height\":478,\"caption\":\"Embalajes Hegoalde\"},\"image\":{\"@id\":\"https:\/\/embalajeshegoalde.com\/en\/#\/schema\/logo\/image\/\"},\"sameAs\":[\"https:\/\/share.google\/hJv8fkAaDjwKW8hoG\"]}]}<\/script>\n<!-- \/ Yoast SEO Premium plugin. -->","yoast_head_json":{"title":"Accessibility Statement &#8212; Embalajes de Madera en Bilbao \u2013 Bizkaia \u2013 Pa\u00eds Vasco \u2013 Embalajes Hegoalde","robots":{"index":"noindex","follow":"nofollow"},"og_locale":"en_US","og_type":"article","og_title":"Accessibility Statement","og_description":"ACCESSIBILITY STATEMENT Embalajes Hegoalde is committed to making its website accessible, in accordance with the WCAG 2.1 accessibility guidelines, which...","og_url":"https:\/\/embalajeshegoalde.com\/en\/accessibility-statement\/","og_site_name":"Embalajes de Madera en Bilbao \u2013 Bizkaia \u2013 Pa\u00eds Vasco \u2013 Embalajes Hegoalde","article_modified_time":"2025-03-22T13:21:43+00:00","og_image":[{"url":"https:\/\/embalajeshegoalde.com\/wp-content\/uploads\/2025\/03\/footer-kit-digital-embalajes-hegoalde-bilbao-vizcaya.png","type":"","width":"","height":""}],"twitter_card":"summary_large_image","twitter_misc":{"Est. reading time":"1 minute"},"schema":{"@context":"https:\/\/schema.org","@graph":[{"@type":"WebPage","@id":"https:\/\/embalajeshegoalde.com\/en\/accessibility-statement\/","url":"https:\/\/embalajeshegoalde.com\/en\/accessibility-statement\/","name":"Accessibility Statement &#8212; Embalajes de Madera en Bilbao \u2013 Bizkaia \u2013 Pa\u00eds Vasco \u2013 Embalajes Hegoalde","isPartOf":{"@id":"https:\/\/embalajeshegoalde.com\/en\/#website"},"primaryImageOfPage":{"@id":"https:\/\/embalajeshegoalde.com\/en\/accessibility-statement\/#primaryimage"},"image":{"@id":"https:\/\/embalajeshegoalde.com\/en\/accessibility-statement\/#primaryimage"},"thumbnailUrl":"https:\/\/embalajeshegoalde.com\/wp-content\/uploads\/2025\/03\/footer-kit-digital-embalajes-hegoalde-bilbao-vizcaya.png","datePublished":"2023-07-19T10:23:17+00:00","dateModified":"2025-03-22T13:21:43+00:00","breadcrumb":{"@id":"https:\/\/embalajeshegoalde.com\/en\/accessibility-statement\/#breadcrumb"},"inLanguage":"en-US","potentialAction":[{"@type":"ReadAction","target":["https:\/\/embalajeshegoalde.com\/en\/accessibility-statement\/"]}]},{"@type":"ImageObject","inLanguage":"en-US","@id":"https:\/\/embalajeshegoalde.com\/en\/accessibility-statement\/#primaryimage","url":"https:\/\/embalajeshegoalde.com\/wp-content\/uploads\/2025\/03\/footer-kit-digital-embalajes-hegoalde-bilbao-vizcaya.png","contentUrl":"https:\/\/embalajeshegoalde.com\/wp-content\/uploads\/2025\/03\/footer-kit-digital-embalajes-hegoalde-bilbao-vizcaya.png"},{"@type":"BreadcrumbList","@id":"https:\/\/embalajeshegoalde.com\/en\/accessibility-statement\/#breadcrumb","itemListElement":[{"@type":"ListItem","position":1,"name":"Home","item":"https:\/\/embalajeshegoalde.com\/en\/"},{"@type":"ListItem","position":2,"name":"Accessibility Statement"}]},{"@type":"WebSite","@id":"https:\/\/embalajeshegoalde.com\/en\/#website","url":"https:\/\/embalajeshegoalde.com\/en\/","name":"Embalajes de Madera en Bilbao \u2013 Bizkaia \u2013 Pa\u00eds Vasco \u2013 Embalajes Hegoalde","description":"Embalajes Hegoalde es especialista en embalajes de madera a medida en Loiu, junto al aeropuerto de Bilbao (Bizkaia). Fabricamos cajas, jaulas y bases de madera certificada para env\u00edos terrestres, mar\u00edtimos y a\u00e9reos, sin l\u00edmite de peso ni medida. Ofrecemos servicios de trincaje de contenedores, embalaje in situ, log\u00edstica, manipulaci\u00f3n y transporte para maquinaria, bienes de equipo y mercanc\u00eda fr\u00e1gil. Contamos con certificados ISO 9001 y NIMF 15, que garantizan calidad, seguridad y cumplimiento de normativas internacionales en el Pa\u00eds Vasco y resto de Espa\u00f1a.","publisher":{"@id":"https:\/\/embalajeshegoalde.com\/en\/#organization"},"potentialAction":[{"@type":"SearchAction","target":{"@type":"EntryPoint","urlTemplate":"https:\/\/embalajeshegoalde.com\/en\/?s={search_term_string}"},"query-input":{"@type":"PropertyValueSpecification","valueRequired":true,"valueName":"search_term_string"}}],"inLanguage":"en-US"},{"@type":"Organization","@id":"https:\/\/embalajeshegoalde.com\/en\/#organization","name":"Embalajes Hegoalde","url":"https:\/\/embalajeshegoalde.com\/en\/","logo":{"@type":"ImageObject","inLanguage":"en-US","@id":"https:\/\/embalajeshegoalde.com\/en\/#\/schema\/logo\/image\/","url":"https:\/\/embalajeshegoalde.com\/wp-content\/uploads\/2025\/03\/logo-embalajes-hegoalde-bilbao-vizcaya.png","contentUrl":"https:\/\/embalajeshegoalde.com\/wp-content\/uploads\/2025\/03\/logo-embalajes-hegoalde-bilbao-vizcaya.png","width":800,"height":478,"caption":"Embalajes Hegoalde"},"image":{"@id":"https:\/\/embalajeshegoalde.com\/en\/#\/schema\/logo\/image\/"},"sameAs":["https:\/\/share.google\/hJv8fkAaDjwKW8hoG"]}]}},"_links":{"self":[{"href":"https:\/\/embalajeshegoalde.com\/en\/wp-json\/wp\/v2\/pages\/3493","targetHints":{"allow":["GET"]}}],"collection":[{"href":"https:\/\/embalajeshegoalde.com\/en\/wp-json\/wp\/v2\/pages"}],"about":[{"href":"https:\/\/embalajeshegoalde.com\/en\/wp-json\/wp\/v2\/types\/page"}],"author":[{"embeddable":true,"href":"https:\/\/embalajeshegoalde.com\/en\/wp-json\/wp\/v2\/users\/3"}],"replies":[{"embeddable":true,"href":"https:\/\/embalajeshegoalde.com\/en\/wp-json\/wp\/v2\/comments?post=3493"}],"version-history":[{"count":16,"href":"https:\/\/embalajeshegoalde.com\/en\/wp-json\/wp\/v2\/pages\/3493\/revisions"}],"predecessor-version":[{"id":3556,"href":"https:\/\/embalajeshegoalde.com\/en\/wp-json\/wp\/v2\/pages\/3493\/revisions\/3556"}],"wp:attachment":[{"href":"https:\/\/embalajeshegoalde.com\/en\/wp-json\/wp\/v2\/media?parent=3493"}],"curies":[{"name":"wp","href":"https:\/\/api.w.org\/{rel}","templated":true}]}}